{"id":6525,"date":"2023-01-12T17:21:12","date_gmt":"2023-01-12T16:21:12","guid":{"rendered":"http:\/\/extras.taxi-jose.es\/condiciones-generales\/"},"modified":"2023-03-29T13:55:09","modified_gmt":"2023-03-29T11:55:09","slug":"condiciones-generales","status":"publish","type":"page","link":"https:\/\/extras.taxi-jose.es\/es\/condiciones-generales\/","title":{"rendered":"Condiciones generales"},"content":{"rendered":"<section id=\"bt_bb_section69dcb8913bede\"  class=\"bt_bb_section bt_bb_layout_boxed_1200 bt_bb_vertical_align_top bt_bb_top_spacing_medium\"  data-bt-override-class=\"null\"><div class=\"bt_bb_port\"><div class=\"bt_bb_cell\"><div class=\"bt_bb_cell_inner\"><div class=\"bt_bb_row_wrapper\"><div  class=\"bt_bb_row\"  data-bt-override-class=\"{}\"><div  class=\"bt_bb_column col-xxl-12 col-xl-12 col-xs-12 col-sm-12 col-md-12 col-lg-12 bt_bb_vertical_align_top bt_bb_align_left bt_bb_padding_normal\"  data-width=\"12\" data-bt-override-class=\"{}\"><div class=\"bt_bb_column_content\"><div class=\"bt_bb_column_content_inner\"><header class=\"bt_bb_headline bt_bb_color_scheme_13 bt_bb_dash_none bt_bb_size_inherit bt_bb_align_inherit\" style=\"; --headline-primary-color:#1b60f7; --headline-secondary-color:#ffde00;\" data-bt-override-class=\"{}\"><h2 class=\"bt_bb_headline_tag\"><span class=\"bt_bb_headline_content\"><span><u>Condiciones generales<\/u><\/span><\/span><\/h2><\/header><div class=\"bt_bb_separator bt_bb_border_style_none bt_bb_top_spacing_normal bt_bb_bottom_spacing_normal\" data-bt-override-class=\"null\"><\/div><div  class=\"bt_bb_text\" ><p>CONDICIONES GENERALES<br \/>\nTAXI-JOSE \u2013 Jose M. Sanchez Herrera<br \/>\nC\/ Isaac Peral 97 \u2013 07590 Cala Ratjada (Illes Balears)<br \/>\nNIF: Y-8451117-B<br \/>\n(En adelante Taxi-Jose)<\/p>\n<p>Estado 01.01.2023<\/p>\n<h6><strong>\u00a7 1 En general<\/strong><\/h6>\n<p>Las CGC enumeradas a continuaci\u00f3n se aplican a la relaci\u00f3n comercial entre Taxi-Jose y los clientes de los servicios de transporte de pasajeros y material ofrecidos por Taxi-Jose. Las CGC est\u00e1n sujetas a cambios sin previo aviso. La versi\u00f3n actualmente v\u00e1lida de las CGC est\u00e1 publicada en Internet, est\u00e1 claramente expuesta en las instalaciones de Taxi-Jose y est\u00e1 disponible para su inspecci\u00f3n en los veh\u00edculos de Taxi-Jose. Se aplicar\u00e1 en cada caso la versi\u00f3n de las CGC vigente en el momento de la celebraci\u00f3n del contrato y, en el caso de obligaciones continuadas, en el momento de solicitar el servicio de transporte. Las condiciones divergentes o contradictorias s\u00f3lo ser\u00e1n v\u00e1lidas si Taxi-Jose las ha aceptado por escrito.<\/p>\n<h6><strong>\u00a7 2 Celebraci\u00f3n del contrato<\/strong><\/h6>\n<p>1. Taxi-Jose acepta \u00f3rdenes de conducci\u00f3n verbalmente, por tel\u00e9fono, correo electr\u00f3nico, fax, por escrito o a trav\u00e9s del portal web. Sin embargo, un contrato s\u00f3lo se concluye si Taxi-Jose ha confirmado este pedido por escrito con antelaci\u00f3n o si el viaje se inicia efectivamente. En caso de que la aceptaci\u00f3n de un pedido se base en un error de impresi\u00f3n, c\u00e1lculo u ortograf\u00eda, Taxi-Jose se reserva el derecho de desistimiento.<\/p>\n<p>2. Para los viajes con cita previa al aeropuerto, estaci\u00f3n de tren o puerto, o las recogidas en aeropuertos, barcos o estaciones de tren, se puede acordar una hora concreta de recogida. En tales casos, Taxi-Jose deber\u00e1 ser notificado de cualquier cambio en el horario por el cliente con tiempo suficiente para que las partes puedan acordar un cambio en la hora de recogida, si es necesario. En caso contrario, el cliente ser\u00e1 responsable de los da\u00f1os ocasionados por Taxi-Jose. Las recogidas en los aeropuertos tambi\u00e9n pueden estar relacionadas con la llegada de vuelos espec\u00edficos, a menos que se haya acordado una hora de recogida concreta. En este caso, es responsabilidad del cliente informar a Taxi-Jose de los detalles exactos del vuelo, en particular el n\u00famero de vuelo. La obligaci\u00f3n contractual es siempre ser recogido en el momento de la llegada prevista, a menos que el cliente notifique a Taxi-Jose del cambio de hora de llegada con tiempo suficiente o fuera razonable y posible que Taxi-Jose averiguara la hora exacta de llegada en buen tiempo.<\/p>\n<h6><strong>\u00a7 3 Retiro y rescisi\u00f3n por parte del cliente<\/strong><\/h6>\n<p>3. Si el cliente retira un pedido antes de la fecha de viaje confirmada por escrito, se aplicar\u00e1n los siguientes gastos de cancelaci\u00f3n:<\/p>\n<p>3.1. Bei Personenbef\u00f6rderung mit Pkw:<\/p>\n<p>3.1.1. Sin gastos de cancelaci\u00f3n si el servicio a\u00fan no ha comenzado. En caso contrario en el importe del servicio prestado.<\/p>\n<p>3.3. Para el transporte de mercanc\u00edas:<\/p>\n<p>3.3.1. Sin gastos de cancelaci\u00f3n si el servicio a\u00fan no ha comenzado. En caso contrario en el importe del servicio prestado.<\/p>\n<h6><strong>\u00a7 4 Precios<\/strong><\/h6>\n<p>1. Todos los precios proporcionados a los consumidores finales se dan en EUROS e incluyen el impuesto al valor agregado legal. Los comerciantes se denominan precios netos.<\/p>\n<p>1.1. No se incluyen las posibles tarifas de uso de rutas de transporte, como ferries, tarifas de t\u00faneles, etc.<\/p>\n<p>1.2. Se incurre en gastos por tiempos de conducci\u00f3n de m\u00e1s de ocho horas.<\/p>\n<p>2. La actual regulaci\u00f3n de tarifas de taxi de las Islas Baleares es determinante para los viajes en taxi. Estos se pueden ver en las oficinas de Taxi-Jos\u00e9 y en los taxis.<\/p>\n<p>3. Taxi-Jose ofrece precios fijos en base a las condiciones vigentes que se publicaron en papel en el momento de realizar el pedido o, en su caso, en Internet en www.Taxi-Jose.es. Los precios fijos anteriores pierden su vigencia con la publicaci\u00f3n de una nueva lista de precios.<\/p>\n<p>4. Se permiten cambios de precio si hay m\u00e1s de 2 meses entre la celebraci\u00f3n del contrato y la fecha de viaje acordada. Si los salarios, los costos de materiales o los precios de mercado aumentan despu\u00e9s de eso, Taxi-Jose tiene derecho a aumentar el precio de manera adecuada de acuerdo con los aumentos de costos.<\/p>\n<p>5. El cliente tiene derecho a desistir si el aumento de precio supera el aumento de los gastos generales de manutenci\u00f3n entre el pedido y la entrega en m\u00e1s del 10 %.<\/p>\n<h6><strong>\u00a7 5 Vencimiento y Pago, Incumplimiento<\/strong><\/h6>\n<p>1. La tarifa vence inmediatamente despu\u00e9s de la entrega y se cobrar\u00e1 de inmediato. El pago puede hacerse en efectivo o con EC\/tarjeta de cr\u00e9dito. Taxi-Jose tambi\u00e9n se reserva el derecho al prepago. Esto no se aplica a los pedidos para los que se haya hecho un acuerdo por escrito diferente por adelantado.<\/p>\n<p>2. En el caso de clientes facturados, los pagos de los servicios deber\u00e1n realizarse en un plazo m\u00e1ximo de 5 d\u00edas desde la recepci\u00f3n de la factura relacionada con el servicio. Las deducciones y los plazos de pago divergentes requieren acuerdo expreso por escrito.<\/p>\n<p>3. S\u00f3lo se entender\u00e1 realizado el pago cuando Taxi-Jose pueda disponer libremente del importe. Los cheques y las letras de cambio solo cuentan como pago despu\u00e9s de que hayan sido redimidos sin reserva.<\/p>\n<p>4. Si el cliente se encuentra en mora, Taxi-Jose tiene derecho a exigir un inter\u00e9s de demora del 8% anual sobre la tasa de inter\u00e9s base. Si Taxi-Jose ha incurrido demostrablemente en un da\u00f1o mayor causado por la demora, Taxi-Jose tambi\u00e9n tiene derecho a afirmar esto.<\/p>\n<h6><strong>\u00a7 6 Transporte de personas y cosas.<\/strong><\/h6>\n<p>1. El cliente deber\u00e1 comportarse en todo momento de forma que no se ponga en peligro la seguridad del veh\u00edculo, del conductor y de la empresa, la suya propia y la del resto de pasajeros y de terceros. Usted es responsable de cumplir con la obligaci\u00f3n de abrocharse el cintur\u00f3n y de supervisar y cumplir con la obligaci\u00f3n de asegurar a los menores que lo acompa\u00f1en, as\u00ed como de supervisar y asegurar adecuadamente a los animales que traiga consigo. Los clientes deben asegurarse de que ellos o los pasajeros menores de edad que los acompa\u00f1en solo abran las puertas del veh\u00edculo cuando lo solicite el conductor. No obstante, los clientes y sus acompa\u00f1antes est\u00e1n obligados a comprobar si es seguro abrir las puertas. En caso de da\u00f1os, los clientes y sus acompa\u00f1antes son responsables de todos los da\u00f1os causados \u200b\u200bpor ellos.<\/p>\n<p>2. Taxi-Jose es libre de elegir y equipar el veh\u00edculo. Los clientes deben indicar las solicitudes especiales de transporte, en particular debido a requisitos de salud, o las fechas de llegada al realizar el pedido y comenzar el viaje.<\/p>\n<p>3. En el caso del c\u00e1lculo de tarifas basado en el kilometraje, la ruta subyacente se determina junto con el cliente antes del inicio del viaje a petici\u00f3n del cliente. En el caso de tarifas independientes de kil\u00f3metros, especialmente en el caso de viajes compartidos, Taxi-Jose es libre de elegir la ruta.<\/p>\n<p>4. El equipaje llevado y los animales acompa\u00f1ados est\u00e1n a cargo del cliente durante el transporte, incluso si Taxi-Jose ayuda con la carga y sujeci\u00f3n adecuadas. Si no es posible asegurar la carga o si los objetos solo pueden cargarse a riesgo del conductor, del veh\u00edculo o de terceros, dichos objetos pueden excluirse del transporte.<\/p>\n<p>5. Los alimentos solo se transportan en contenedores cerrados. Est\u00e1 prohibido abrir dichos contenedores o consumir alimentos mientras se conduce sin el consentimiento expreso de Taxi-Jose. Fumar en los taxis est\u00e1 prohibido por ley.<\/p>\n<p>6. A la hora de aceptar art\u00edculos aptos para el transporte, Taxi-Jose s\u00f3lo comprobar\u00e1 su integridad a petici\u00f3n expresa del cliente. A tal efecto, el cliente deber\u00e1 presentar la correspondiente confirmaci\u00f3n de aceptaci\u00f3n por escrito en el momento de la aceptaci\u00f3n. Las cosas son cargadas y aseguradas por Taxi-Jose en forma adecuada. Si en el momento de la entrega de la mercanc\u00eda del servicio de mensajer\u00eda en el destino, existiese una falta o un defecto con respecto a la confirmaci\u00f3n de aceptaci\u00f3n confirmada, Taxi-Jose deber\u00e1 ser informado de ello por escrito en el momento de la entrega, indicando el tipo y la magnitud del da\u00f1o.<\/p>\n<p>7. Al viajar al extranjero, el pasajero\/pasajeros se comprometen a estar en posesi\u00f3n de documentos de identificaci\u00f3n v\u00e1lidos.<\/p>\n<h6><strong>\u00a7 7 Garant\u00eda, responsabilidad y limitaci\u00f3n de responsabilidad<\/strong><\/h6>\n<p>1. Queda excluido de la garant\u00eda el desgaste natural de los bienes transportados, equipaje, etc. Las maletas, bolsos y otros contenedores de transporte se utilizan adecuadamente durante el transporte de Taxi-Jose y est\u00e1n sujetos al desgaste natural durante este transporte. No se pueden descartar da\u00f1os en la pintura de las bicicletas, sillas de ruedas, cochecitos, etc. transportados por Taxi-Jose, incluso con la carga y el transporte adecuados, por lo que tambi\u00e9n se deben considerar como desgaste natural.<\/p>\n<p>2. Las mercanc\u00edas de mensajer\u00eda que se transportan sin el acompa\u00f1amiento personal del cliente est\u00e1n excluidas de la garant\u00eda a menos que Taxi-Jose haya refrendado una confirmaci\u00f3n de aceptaci\u00f3n adecuada antes del inicio del viaje (cf. \u00a7 5 n\u00famero 6).<\/p>\n<p>3. Las eventuales reclamaciones de garant\u00eda por da\u00f1os a la mercanc\u00eda transportada deber\u00e1n ser comunicadas a Taxi-Jose inmediatamente al final del viaje.<\/p>\n<p>4. Los clientes son responsables de cualquier da\u00f1o corporal o da\u00f1o a la propiedad que resulte de su propio consumo de alimentos en el veh\u00edculo, incluso si Taxi-Jose les permite hacerlo.<\/p>\n<p>5. Taxi-Jos\u00e9 s\u00f3lo responde de los da\u00f1os causados \u200b\u200bal cliente por la salida o llegada impuntual al destino si<\/p>\n<p>a. el cumplimiento de una hora determinada de salida y llegada entre Taxi-Jose y el cliente haya sido previamente pactada expresamente<\/p>\n<p>b. y la interrupci\u00f3n en el desempe\u00f1o no es causada por desastres naturales, defectos t\u00e9cnicos imprevistos, atascos de tr\u00e1fico, mal tiempo, fuerza mayor, accidentes o por razones que est\u00e1n bajo el control del cliente. Adem\u00e1s, Taxi-Jose no se hace responsable si el cliente ha determinado la hora de salida o llegada por s\u00ed mismo y ha ignorado los retrasos normales en el viaje, como los atascos de tr\u00e1fico. En particular, los cambios de planes de vuelo a corto plazo o la llegada anticipada o retrasada del cliente con respecto a la hora de llegada prevista no liberan al cliente de su obligaci\u00f3n de cumplir.<\/p>\n<p>6. Por \u00faltimo, quedan excluidas las reclamaciones de garant\u00eda derivadas de defectos de funcionamiento programados si no se afirman por escrito dentro de los 14 d\u00edas siguientes a la prestaci\u00f3n del servicio.<\/p>\n<p>7. La responsabilidad de Taxi-Jose por da\u00f1os que no sean da\u00f1os al cuerpo oa la salud se limita al doble de la tarifa, siempre que los da\u00f1os al cliente no hayan sido causados \u200b\u200bpor Taxi-Jose de forma intencionada o por negligencia grave.<\/p>\n<p>8. El cliente es responsable en el marco de las disposiciones legales de todos los da\u00f1os materiales o f\u00edsicos causados \u200b\u200bpor \u00e9l. Lo mismo se aplica a los da\u00f1os causados \u200b\u200bpor menores de edad que acompa\u00f1en a personas, animales o bienes transportados, que, por motivos de salud o negligencia, sean causados \u200b\u200ba la propiedad de Taxi-Jose o de terceros. Esto tambi\u00e9n se aplica en particular a los da\u00f1os causados \u200b\u200bpor la contaminaci\u00f3n por v\u00f3mitos, incontinencia o comida tra\u00edda. A la hora de cuantificar estos da\u00f1os, Taxi-Jose reclamar\u00e1 el lucro cesante debido a los da\u00f1os por tiempo de inactividad causados por la ventilaci\u00f3n o el secado, adem\u00e1s de la retirada.<\/p>\n<p>9. Si una instituci\u00f3n de asistencia, un tutor u otra persona f\u00edsica \/ instituci\u00f3n designada para supervisar a una persona bajo cuidado reserva el transporte para la persona bajo cuidado, Taxi-Jose debe ser informado de esta circunstancia. La entidad\/persona reservante es entonces responsable de todos los da\u00f1os causados a Taxi-Jose por la persona transportada bajo supervisi\u00f3n durante el viaje o en relaci\u00f3n con el viaje.<\/p>\n<\/div><div class=\"bt_bb_separator bt_bb_border_style_none bt_bb_top_spacing_normal bt_bb_bottom_spacing_normal\" data-bt-override-class=\"null\"><\/div><\/div><\/div><\/div><\/div><\/div><\/div><\/div><\/div><\/section>","protected":false},"excerpt":{"rendered":"","protected":false},"author":1,"featured_media":0,"parent":0,"menu_order":0,"comment_status":"closed","ping_status":"closed","template":"","meta":{"_glsr_average":0,"_glsr_ranking":0,"_glsr_reviews":0,"footnotes":""},"_links":{"self":[{"href":"https:\/\/extras.taxi-jose.es\/es\/wp-json\/wp\/v2\/pages\/6525"}],"collection":[{"href":"https:\/\/extras.taxi-jose.es\/es\/wp-json\/wp\/v2\/pages"}],"about":[{"href":"https:\/\/extras.taxi-jose.es\/es\/wp-json\/wp\/v2\/types\/page"}],"author":[{"embeddable":true,"href":"https:\/\/extras.taxi-jose.es\/es\/wp-json\/wp\/v2\/users\/1"}],"replies":[{"embeddable":true,"href":"https:\/\/extras.taxi-jose.es\/es\/wp-json\/wp\/v2\/comments?post=6525"}],"version-history":[{"count":0,"href":"https:\/\/extras.taxi-jose.es\/es\/wp-json\/wp\/v2\/pages\/6525\/revisions"}],"wp:attachment":[{"href":"https:\/\/extras.taxi-jose.es\/es\/wp-json\/wp\/v2\/media?parent=6525"}],"curies":[{"name":"wp","href":"https:\/\/api.w.org\/{rel}","templated":true}]}}