{"id":5805,"date":"2023-01-20T10:16:28","date_gmt":"2023-01-20T09:16:28","guid":{"rendered":"http:\/\/extras.taxi-jose.es\/?page_id=5805"},"modified":"2023-11-30T16:33:40","modified_gmt":"2023-11-30T15:33:40","slug":"politica-de-privacidad","status":"publish","type":"page","link":"https:\/\/extras.taxi-jose.es\/es\/politica-de-privacidad\/","title":{"rendered":"Pol\u00edtica de privacidad"},"content":{"rendered":"<section id=\"bt_bb_section69df5d783f275\"  class=\"bt_bb_section bt_bb_layout_boxed_1200 bt_bb_vertical_align_top bt_bb_top_spacing_medium bt_bb_animation_fade_in bt_bb_animation_move_up animate\"  data-bt-override-class=\"null\"><div class=\"bt_bb_port\"><div class=\"bt_bb_cell\"><div class=\"bt_bb_cell_inner\"><div class=\"bt_bb_row_wrapper\"><div  class=\"bt_bb_row\"  data-bt-override-class=\"{}\"><div  class=\"bt_bb_column col-xxl-12 col-xl-12 col-xs-12 col-sm-12 col-md-12 col-lg-12 bt_bb_vertical_align_top bt_bb_align_left bt_bb_padding_normal\"  data-width=\"12\" data-bt-override-class=\"{}\"><div class=\"bt_bb_column_content\"><div class=\"bt_bb_column_content_inner\"><header class=\"bt_bb_headline bt_bb_color_scheme_13 bt_bb_dash_none bt_bb_size_inherit bt_bb_align_inherit\" style=\"; --headline-primary-color:#1b60f7; --headline-secondary-color:#ffde00;\" data-bt-override-class=\"{}\"><h2 class=\"bt_bb_headline_tag\"><span class=\"bt_bb_headline_content\"><span><u>Pol\u00edtica de privacidad<\/u><\/span><\/span><\/h2><\/header><\/div><\/div><\/div><\/div><\/div><\/div><\/div><\/div><\/section><section id=\"bt_bb_section69df5d783f661\"  class=\"bt_bb_section bt_bb_layout_boxed_1200 bt_bb_vertical_align_top bt_bb_animation_fade_in bt_bb_animation_move_up animate\"  data-bt-override-class=\"null\"><div class=\"bt_bb_port\"><div class=\"bt_bb_cell\"><div class=\"bt_bb_cell_inner\"><div class=\"bt_bb_row_wrapper\"><div  class=\"bt_bb_row\"  data-bt-override-class=\"{}\"><div  class=\"bt_bb_column col-xxl-12 col-xl-12 col-xs-12 col-sm-12 col-md-12 col-lg-12 bt_bb_vertical_align_top bt_bb_align_left bt_bb_padding_normal\"  data-width=\"12\" data-bt-override-class=\"{}\"><div class=\"bt_bb_column_content\"><div class=\"bt_bb_column_content_inner\"><div class=\"bt_bb_separator bt_bb_border_style_none bt_bb_top_spacing_normal\" data-bt-override-class=\"null\"><\/div><div  class=\"bt_bb_text\" ><p><strong>1. INFORMACI\u00d3N SOBRE EL USUARIO<br \/>\n<\/strong>De conformidad con lo dispuesto en el Reglamento (UE) 2016\/679 de 27 de abril de 2016 (RGPD) y en la Ley Org\u00e1nica 3\/2018, de 5 de diciembre, de Protecci\u00f3n de Datos Personales y Garant\u00eda de los Derechos Digitales, se le informa de la identidad del responsable del tratamiento, de la finalidad del tratamiento, de la legitimidad del tratamiento de sus datos, de las categor\u00edas de destinatarios de las cesiones de sus datos (en su caso), del origen de sus datos tratados, si fuera distinto de su indicaci\u00f3n voluntaria, y de los derechos que le asisten como interesado.<\/p>\n<p><strong>2. INFORMACI\u00d3N SOBRE EL RESPONSABLE DEL TRATAMIENTO<\/strong><br \/>\nNombre de la persona responsable: TAXI-JOSE &#8211; Jose M. Sanches Herrera<br \/>\nNIE: 24262194T<br \/>\nDirecci\u00f3n postal: C\/ Isaac Peral 97 &#8211; 07590 Cala Ratjada (Illes Balears)<br \/>\nTel\u00e9fono: +34 600 60 60 88<br \/>\nCorreo electr\u00f3nico: <a href=\"mailto:info@taxi-jose.es\">info@taxi-jose.es<\/a><\/p>\n<p><strong>3. INFORMACI\u00d3N SOBRE LA FINALIDAD Y LA LEGALIDAD DEL TRATAMIENTO<\/strong><br \/>\nLos siguientes procesos est\u00e1n destinados a llevar a cabo el tratamiento:<br \/>\n<strong>En inter\u00e9s leg\u00edtimo del responsable del tratamiento:<\/strong><\/p>\n<ul>\n<li>Gesti\u00f3n econ\u00f3mica y contable, gesti\u00f3n fiscal, gesti\u00f3n administrativa, gesti\u00f3n de facturaci\u00f3n, gesti\u00f3n de clientes y proveedores, gesti\u00f3n de cobros, pagos y servicios relacionados, hist\u00f3rico de relaciones comerciales, cumplimiento de las medidas de diligencia debida de la Ley 10\/2010 de prevenci\u00f3n del blanqueo de capitales y de la financiaci\u00f3n del terrorismo.<\/li>\n<\/ul>\n<p><strong>Mediante el consentimiento expl\u00edcito, inequ\u00edvoco e informado del interesado:<\/strong><\/p>\n<ul>\n<li>Todos los tr\u00e1mites necesarios para formalizar la compraventa de inmuebles.<\/li>\n<li>Env\u00edo de mensajes comerciales publicitarios por correo electr\u00f3nico, fax, SMS, MMS, en comunidades sociales o por cualquier otro medio electr\u00f3nico o f\u00edsico, actual o futuro, que permita realizar comunicaciones comerciales. Estas comunicaciones ser\u00e1n realizadas por el RESPONSABLE y se referir\u00e1n a sus productos y servicios o a los de sus colaboradores o proveedores con los que \u00e9ste tenga un acuerdo publicitario. En este caso, los terceros nunca tienen acceso a los datos personales.<\/li>\n<li>Realizaci\u00f3n de estudios estad\u00edsticos.<\/li>\n<li>Tramitar encargos, solicitudes o consultas de cualquier tipo que el usuario realice a trav\u00e9s de cualquiera de los formularios de contacto que se ponen a su disposici\u00f3n.<\/li>\n<li>Para enviar el bolet\u00edn del sitio web.<\/li>\n<\/ul>\n<p><strong>Criterios de conservaci\u00f3n de los datos<\/strong>: Los datos se conservar\u00e1n mientras dure la relaci\u00f3n comercial entre las partes. Tras la finalizaci\u00f3n de esta relaci\u00f3n comercial, los datos ser\u00e1n bloqueados para impedir la posibilidad de acceso y s\u00f3lo ser\u00e1n cedidos en el caso de que estos datos sean solicitados por una autoridad legal (fiscal, mercantil, laboral o judicial) al responsable del tratamiento, y s\u00f3lo hasta el momento de la expiraci\u00f3n o el plazo de prescripci\u00f3n legal. A continuaci\u00f3n, los datos se destruyen de la forma y con las garant\u00edas adecuadas para hacer imposible su recuperaci\u00f3n.<\/p>\n<p><strong>4. INFORMACI\u00d3N SOBRE LA TRANSMISI\u00d3N O COMUNICACI\u00d3N DE DATOS<\/strong><br \/>\nLos datos personales podr\u00e1n ser comunicados a asesores fiscales, contables y comerciales, bancos, cajas de ahorro y entidades financieras, autoridades fiscales y otros organismos p\u00fablicos competentes, notarios y registros de la propiedad y otros intermediarios para la compraventa de bienes inmuebles con el fin de mantener la relaci\u00f3n comercial y\/o realizar operaciones. Los datos no se transmitir\u00e1n a terceros a menos que estemos legalmente obligados a hacerlo. No se transfieren datos a terceros pa\u00edses fuera del Espacio Econ\u00f3mico Europeo ni a organizaciones internacionales.<\/p>\n<p><strong>5.INFORMACI\u00d3N SOBRE LOS DERECHOS DE LA PERSONA AFECTADA<\/strong> Y C\u00d3MO EJERCERLOS <strong><br \/>\n<\/strong><strong>Derechos del usuario y c\u00f3mo ejercerlos<\/strong>:<br \/>\nEl interesado tiene derecho a: Acceso a sus datos, rectificaci\u00f3n de sus datos, supresi\u00f3n de sus datos, portabilidad de sus datos, limitaci\u00f3n del tratamiento de sus datos, oposici\u00f3n al tratamiento de sus datos, retirada de su consentimiento, presentaci\u00f3n de una reclamaci\u00f3n ante la autoridad de control, presentaci\u00f3n de un recurso.<br \/>\noponerse al tratamiento de sus datos, retirar su consentimiento, presentar una reclamaci\u00f3n ante la autoridad de control, emprender acciones legales.<\/p>\n<p>Puede ejercer estos derechos enviando una carta motivada al responsable del tratamiento o a su representante, indicando el derecho que desea ejercer y adjuntando una fotocopia de su documento de identidad. Tambi\u00e9n puede solicitar previamente al responsable del tratamiento que le facilite un formulario normalizado para el derecho que desea ejercer.<\/p>\n<p>El ejercicio de los derechos no supone ning\u00fan coste administrativo para el interesado, a excepci\u00f3n de los gastos de env\u00edo si decide utilizar el servicio postal.<br \/>\nPuedes ejercer tus derechos:<\/p>\n<ul>\n<li>Personalmente en los locales del responsable del tratamiento, donde deber\u00e1 identificarse con su documento de identidad o un documento equivalente.<\/li>\n<li>Por correo electr\u00f3nico a la direcci\u00f3n indicada en el apartado de identificaci\u00f3n del responsable del tratamiento, adjuntando fotocopia de su DNI o documento equivalente.<\/li>\n<li>Por correo (preferiblemente como copia compulsada) a la direcci\u00f3n indicada en el apartado de identificaci\u00f3n del responsable del tratamiento, junto con una fotocopia de su DNI o documento equivalente.<\/li>\n<\/ul>\n<p>Datos de contacto para ejercer sus derechos:<\/p>\n<p>C\/ Isaac Peral 97 &#8211; 07590 Cala Ratjada (Illes Balears), info@taxi-jose.es<\/p>\n<p><strong>6. CAR\u00c1CTER OBLIGATORIO O FACULTATIVO DE LA INFORMACI\u00d3N FACILITADA POR EL USUARIO<\/strong><br \/>\nAl marcar las casillas correspondientes e introducir datos en los campos marcados con un asterisco (*) en el formulario de contacto o en los formularios de descarga, los usuarios aceptan expresamente y de forma libre e inequ\u00edvoca que sus datos son necesarios para el cumplimiento de su solicitud por parte del proveedor, siendo voluntaria la introducci\u00f3n de datos en los dem\u00e1s campos. El usuario garantiza que los datos personales facilitados al RESPONSABLE son veraces y se hace responsable de comunicar al mismo cualquier modificaci\u00f3n de los mismos.<br \/>\nEl RESPONSABLE informa y garantiza expresamente a los usuarios que sus datos personales no ser\u00e1n cedidos en ning\u00fan caso a terceros y que con car\u00e1cter previo a cualquier tipo de cesi\u00f3n de datos personales, se obtendr\u00e1 el consentimiento expreso, informado, e inequ\u00edvoco por parte de los usuarios. Todos los datos solicitados a trav\u00e9s del sitio web son obligatorios, ya que son necesarios para prestar un servicio \u00f3ptimo al usuario. Si no se facilitan todos los datos, no se puede garantizar que la informaci\u00f3n y los servicios ofrecidos se adapten totalmente a sus necesidades.<\/p>\n<p><strong>7. MEDIDAS DE SEGURIDAD<\/strong><br \/>\nQue el RESPONSABLE, de conformidad con la normativa aplicable en materia de protecci\u00f3n de datos personales, cumple con todas las disposiciones del GDPR para el tratamiento de datos personales bajo su responsabilidad y se adhiere claramente a los principios descritos en el art\u00edculo 5 del GDPR, seg\u00fan los cuales los datos se tratan de forma l\u00edcita, leal y transparente en relaci\u00f3n con el interesado y son adecuados, pertinentes y limitados a lo necesario en relaci\u00f3n con los fines para los que se tratan.<br \/>\nEl RESPONSABLE garantiza que ha adoptado las medidas t\u00e9cnicas y organizativas apropiadas para aplicar las medidas de seguridad que establece el GDPR con el fin de proteger los derechos y libertades de los usuarios y que les ha proporcionado la informaci\u00f3n pertinente para que puedan ejercerlos.<\/p>\n<\/div><div class=\"bt_bb_separator bt_bb_border_style_none bt_bb_top_spacing_normal\" data-bt-override-class=\"null\"><\/div><\/div><\/div><\/div><\/div><\/div><\/div><\/div><\/div><\/section>","protected":false},"excerpt":{"rendered":"","protected":false},"author":1,"featured_media":0,"parent":0,"menu_order":0,"comment_status":"closed","ping_status":"closed","template":"","meta":{"_glsr_average":0,"_glsr_ranking":0,"_glsr_reviews":0,"footnotes":""},"_links":{"self":[{"href":"https:\/\/extras.taxi-jose.es\/es\/wp-json\/wp\/v2\/pages\/5805"}],"collection":[{"href":"https:\/\/extras.taxi-jose.es\/es\/wp-json\/wp\/v2\/pages"}],"about":[{"href":"https:\/\/extras.taxi-jose.es\/es\/wp-json\/wp\/v2\/types\/page"}],"author":[{"embeddable":true,"href":"https:\/\/extras.taxi-jose.es\/es\/wp-json\/wp\/v2\/users\/1"}],"replies":[{"embeddable":true,"href":"https:\/\/extras.taxi-jose.es\/es\/wp-json\/wp\/v2\/comments?post=5805"}],"version-history":[{"count":0,"href":"https:\/\/extras.taxi-jose.es\/es\/wp-json\/wp\/v2\/pages\/5805\/revisions"}],"wp:attachment":[{"href":"https:\/\/extras.taxi-jose.es\/es\/wp-json\/wp\/v2\/media?parent=5805"}],"curies":[{"name":"wp","href":"https:\/\/api.w.org\/{rel}","templated":true}]}}