{"id":5590,"date":"2023-01-13T10:53:11","date_gmt":"2023-01-13T09:53:11","guid":{"rendered":"http:\/\/extras.taxi-jose.es\/pie-de-imprenta\/"},"modified":"2023-11-30T16:25:29","modified_gmt":"2023-11-30T15:25:29","slug":"pie-de-imprenta","status":"publish","type":"page","link":"https:\/\/extras.taxi-jose.es\/es\/pie-de-imprenta\/","title":{"rendered":"Pie de imprenta"},"content":{"rendered":"<section id=\"bt_bb_section69da0e0c9fd09\"  class=\"bt_bb_section bt_bb_layout_boxed_1200 bt_bb_vertical_align_top bt_bb_top_spacing_medium bt_bb_animation_fade_in bt_bb_animation_move_up animate\"  data-bt-override-class=\"null\"><div class=\"bt_bb_port\"><div class=\"bt_bb_cell\"><div class=\"bt_bb_cell_inner\"><div class=\"bt_bb_row_wrapper\"><div  class=\"bt_bb_row\"  data-bt-override-class=\"{}\"><div  class=\"bt_bb_column col-xxl-12 col-xl-12 col-xs-12 col-sm-12 col-md-12 col-lg-12 bt_bb_vertical_align_top bt_bb_align_left bt_bb_padding_normal\"  data-width=\"12\" data-bt-override-class=\"{}\"><div class=\"bt_bb_column_content\"><div class=\"bt_bb_column_content_inner\"><header class=\"bt_bb_headline bt_bb_color_scheme_13 bt_bb_dash_none bt_bb_size_inherit bt_bb_align_inherit\" style=\"; --headline-primary-color:#1b60f7; --headline-secondary-color:#ffde00;\" data-bt-override-class=\"{}\"><h2 class=\"bt_bb_headline_tag\"><span class=\"bt_bb_headline_content\"><span><u>Pie de imprenta<\/u><\/span><\/span><\/h2><\/header><\/div><\/div><\/div><\/div><\/div><\/div><\/div><\/div><\/section><section id=\"bt_bb_section69da0e0ca00bb\"  class=\"bt_bb_section bt_bb_layout_boxed_1200 bt_bb_vertical_align_top bt_bb_animation_fade_in bt_bb_animation_move_up animate\"  data-bt-override-class=\"null\"><div class=\"bt_bb_port\"><div class=\"bt_bb_cell\"><div class=\"bt_bb_cell_inner\"><div class=\"bt_bb_row_wrapper\"><div  class=\"bt_bb_row\"  data-bt-override-class=\"{}\"><div  class=\"bt_bb_column col-xxl-12 col-xl-12 col-xs-12 col-sm-12 col-md-12 col-lg-12 bt_bb_vertical_align_top bt_bb_align_left bt_bb_padding_normal\"  data-width=\"12\" data-bt-override-class=\"{}\"><div class=\"bt_bb_column_content\"><div class=\"bt_bb_column_content_inner\"><div class=\"bt_bb_separator bt_bb_border_style_none bt_bb_top_spacing_normal\" data-bt-override-class=\"null\"><\/div><div  class=\"bt_bb_text\" ><div>\n<div>\n<p>TAXI-JOSE &#8211; Jos\u00e9 M. Sanchez Herrera, en adelante RESPONSABLE, es responsable del sitio web y pone a disposici\u00f3n de los usuarios el siguiente documento con el que pretende dar cumplimiento a las obligaciones dispuestas en la Ley 34\/2002, de 11 de julio, de Servicios de la Sociedad de la Informaci\u00f3n y del Comercio Electr\u00f3nico (LSSICE), BOE n\u00fam. 166, as\u00ed como informar a todos los usuarios del sitio web respecto a cu\u00e1les son las condiciones de uso.<br \/>\nToda persona que acceda a este sitio web asume el papel de usuario, comprometi\u00e9ndose a la observancia y cumplimiento riguroso de las disposiciones aqu\u00ed dispuestas, as\u00ed como a cualesquiera otra disposici\u00f3n legal que fuera de aplicaci\u00f3n.<br \/>\nTAXI-JOSE &#8211; Jos\u00e9 M. Sanchez Herrera se reserva el derecho a modificar cualquier tipo de informaci\u00f3n que pudiera aparecer en el sitio web, sin que exista obligaci\u00f3n de preavisar o poner en conocimiento de los usuarios dichas obligaciones. La publicaci\u00f3n en el sitio web de TAXI-JOSE &#8211; Jose M. S\u00e1nchez Herrera, es suficiente.<\/p>\n<p><b>1. DATOS DE IDENTIFICACI\u00d3N<\/b><\/p>\n<p>Nombre de dominio: taxi-jose.es<br \/>\nNombre de la empresa: TAXI-JOSE &#8211; Jose M. S\u00e1nchez Herrera<br \/>\nNIF: 24262194T<br \/>\nDirecci\u00f3n postal: C\/ Isaac Peral 97 &#8211; 07590 Cala Ratjada (Illes Balears)<br \/>\nTel\u00e9fono: +34 600 60 60 88<br \/>\nCorreo electr\u00f3nico: info@taxi-jose.es<\/p>\n<p><b>2. DERECHOS DE PROPIEDAD INTELECTUAL E INDUSTRIAL<br \/>\n<\/b><\/p>\n<p>El sitio web, incluyendo a t\u00edtulo enunciativo pero no limitativo su programaci\u00f3n, edici\u00f3n, compilaci\u00f3n y dem\u00e1s elementos, patrones, logotipos, texto y\/o gr\u00e1ficos necesarios para su funcionamiento, son propiedad del RESPONSABLE o en su caso dispone de licencia o consentimiento expreso por parte de los autores. Todos los contenidos del sitio web se encuentran debidamente protegidos por la normativa sobre derechos de propiedad intelectual e industrial, as\u00ed como inscritos en los registros p\u00fablicos correspondientes.<br \/>\nIndependientemente de la finalidad para la que fueran destinados los contenidos de este sitio web, la reproducci\u00f3n total o parcial, uso, distribuci\u00f3n o comercializaci\u00f3n, requiere en todo caso de la autorizaci\u00f3n escrita previa por parte del RESPONSABLE. Cualquier uso no autorizado previamente se considerar\u00e1 una infracci\u00f3n grave de los derechos de propiedad intelectual o industrial del autor.<br \/>\nLos dise\u00f1os, logotipos, texto y\/o gr\u00e1ficos ajenos al RESPONSABLE y que pudieran aparecer en el sitio web, pertenecen a sus respectivos propietarios, siendo ellos mismos responsables de cualquier posible controversia que pudiera suscitarse respecto a los mismos.<br \/>\nEl RESPONSABLE autoriza expresamente a que terceros puedan redirigir directamente a los contenidos concretos del sitio web y, en todo caso, a la p\u00e1gina principal de echt-mallorca.eu.<br \/>\nEl RESPONSABLE reconoce a favor de sus titulares los correspondientes derechos de propiedad industrial e intelectual, no implicando su sola menci\u00f3n o aparici\u00f3n en el sitio web la existencia de derechos o responsabilidad alguna sobre los mismos, como tampoco respaldo, patrocinio o recomendaci\u00f3n por parte del mismo.<br \/>\nPara realizar cualquier tipo de observaci\u00f3n respecto a posibles incumplimientos de los derechos de propiedad intelectual o industrial, as\u00ed como sobre cualquiera de los contenidos del sitio web, puede hacerlo a trav\u00e9s del correo electr\u00f3nico welcome@echt-mallorca.eu.<\/p>\n<p><b>3. EXCLUSI\u00d3N DE RESPONSABILIDAD<\/b><\/p>\n<\/div>\n<\/div>\n<div>\n<div>\n<p>El RESPONSABLE se exime de cualquier tipo de responsabilidad derivada de la informaci\u00f3n publicada en su sitio web, siempre que esta informaci\u00f3n haya sido manipulada o introducida por terceros ajenos al mismo.<\/p>\n<p style=\"padding-left: 40px;\"><b>Uso de cookies<br \/>\n<\/b>V\u00e9ase: <a href=\"https:\/\/extras.taxi-jose.es\/es\/directiva-sobre-las-cookies-ue\/\">http:\/\/extras.taxi-jose.es\/cookies<\/a><\/p>\n<p style=\"padding-left: 40px;\"><b>Obligaciones del usuario<br \/>\n<\/b>Al utilizar el sitio web, el usuario declara que es mayor de dieciocho a\u00f1os. Para hacer uso del sitio web, los menores de edad deben obtener la autorizaci\u00f3n previa de sus padres, tutores o representantes legales, quienes ser\u00e1n responsables de todos los actos realizados por los menores a su cargo. Con car\u00e1cter general, el usuario se compromete a utilizar el sitio web y los servicios relacionados con el mismo de forma diligente, de conformidad con la ley, la moral, el orden p\u00fablico y lo dispuesto en estas condiciones generales y en las condiciones particulares que, en su caso, sean de aplicaci\u00f3n. Asimismo, el usuario deber\u00e1 abstenerse de utilizarlo de cualquier forma que pueda interferir en el normal funcionamiento y explotaci\u00f3n por parte de los usuarios del sitio web y de los servicios vinculados al mismo. El usuario no podr\u00e1 utilizarla de manera que pueda infringir o da\u00f1ar los bienes y derechos de los titulares del sitio web, sus proveedores, usuarios o terceros en general.<br \/>\nAl utilizar el sitio web y los servicios asociados al mismo, el usuario se compromete a:<\/p>\n<ol>\n<li style=\"list-style-type: none;\">\n<ol>\n<li>no introducir, almacenar o difundir mediante el Sitio Web o sus servicios asociados, programas de ordenador, datos, virus, c\u00f3digos u otros instrumentos o dispositivos electr\u00f3nicos que sean susceptibles de alterar o hacer funcionar de forma inadecuada el Sitio Web, sus servicios asociados o los dispositivos, sistemas o redes de los titulares del Sitio Web, sus usuarios, sus proveedores o, en general, de terceros o que de cualquier otra forma sean capaces de causar alteraciones o mal funcionamiento y perjudicar el normal funcionamiento.<\/li>\n<li>No utilizar identidades falsas ni suplantar la identidad de otros en la utilizaci\u00f3n del sitio web o de cualquiera de los servicios vinculados al mismo.<\/li>\n<li>No destruir, alterar, inutilizar o da\u00f1ar los datos, informaciones, programas o documentos electr\u00f3nicos de los titulares del sitio web, sus proveedores o terceros.<\/li>\n<li>no insertar o difundir en el sitio web cualquier informaci\u00f3n que resulte difamatoria, injuriosa, obscena, amenazadora, xen\u00f3foba, violenta o discriminatoria por raz\u00f3n de sexo, raza, ideolog\u00eda o religi\u00f3n, o que de cualquier forma atente contra la moral, el orden p\u00fablico, los derechos fundamentales, las libertades p\u00fablicas, el honor, la intimidad o la imagen de terceros y, en general, la normativa vigente. En el caso de que un usuario considere que existen hechos o circunstancias que revelen, o sean accesibles a trav\u00e9s del sitio web, el uso il\u00edcito de contenidos y\/o la realizaci\u00f3n de actividades en el sitio web, deber\u00e1 enviar una notificaci\u00f3n al titular del sitio web mediante el env\u00edo de un correo electr\u00f3nico a welcome@echt-mallorca.eu.<\/li>\n<\/ol>\n<\/li>\n<\/ol>\n<p style=\"padding-left: 40px;\"><b>Pol\u00edtica de enlaces<br \/>\n<\/b>Es posible que desde el sitio web se redirijan contenidos de sitios web de terceros. Dado que el RESPONSABLE no puede controlar siempre los contenidos introducidos por los terceros en sus sitios web, \u00e9ste no asume ning\u00fan tipo de responsabilidad respecto a dichos contenidos. En todo caso, el RESPONSABLE proceder\u00e1 a la retirada inmediata de cualquier contenido que pudiera contravenir la legislaci\u00f3n nacional o internacional, la moral o el orden p\u00fablico, procediendo a la retirada inmediata de la redirecci\u00f3n a dicho sitio web, poniendo en conocimiento de las autoridades competentes el contenido en cuesti\u00f3n.<\/p>\n<\/div>\n<\/div>\n<div>\n<div>\n<p style=\"padding-left: 40px;\">El RESPONSABLE no se hace responsable de la informaci\u00f3n y contenidos almacenados, a t\u00edtulo enunciativo pero no limitativo, en foros, chats, generadores de blogs, comentarios, redes sociales o cualesquiera otro medio que permita a terceros publicar contenidos de forma independiente en la p\u00e1gina web del RESPONSABLE.<br \/>\nNo obstante, de conformidad con lo dispuesto en los art\u00edculos 11 y 16 de la LSSICE, se pone a disposici\u00f3n de todos los usuarios, autoridades y cuerpos de seguridad para prestar colaboraci\u00f3n activa en la retirada o, en su caso, bloqueo de todos aquellos contenidos que vulneren o vayan en contra de la legislaci\u00f3n nacional, o internacional, derechos de terceros o la moral y el orden p\u00fablico. Si los usuarios creen que el contenido del sitio web puede entrar en esta clasificaci\u00f3n, se les pide que lo notifiquen inmediatamente al administrador del sitio web.<br \/>\nSe ha comprobado que este sitio web funciona correctamente. En principio, su funcionamiento puede garantizarse las 24 horas del d\u00eda, los 365 d\u00edas del a\u00f1o. No obstante, el RESPONSABLE no descarta la posibilidad de que existan ciertos errores de programaci\u00f3n, o que acontezcan causas de fuerza mayor, cat\u00e1strofes naturales, huelgas, o circunstancias semejantes que hagan imposible el acceso a la p\u00e1gina web.<\/p>\n<p style=\"padding-left: 40px;\"><b>Direcciones IP<br \/>\n<\/b>Los servidores del sitio web pueden detectar autom\u00e1ticamente la direcci\u00f3n IP y el nombre de dominio utilizados por el usuario. Una direcci\u00f3n IP es un n\u00famero que se asigna autom\u00e1ticamente a un ordenador cuando se conecta a Internet. Toda esta informaci\u00f3n es debidamente registrada en un fichero de actividad del servidor que permite el posterior procesamiento de los datos con el \u00fanico fin de obtener datos estad\u00edsticos que permitan conocer el n\u00famero de p\u00e1ginas impresas, el n\u00famero de visitas realizadas a los servidores web, el orden de visitas, el punto de acceso, etc.<\/p>\n<p><b>4. LEGISLACI\u00d3N APLICABLE Y FUERO COMPETENTE<br \/>\n<\/b><\/p>\n<p>Para la resoluci\u00f3n de todas las controversias o problemas relacionados con el presente sitio web o de las actividades en \u00e9l desarrolladas, ser\u00e1 de aplicaci\u00f3n la legislaci\u00f3n espa\u00f1ola, a la que se someten expresamente las partes contratantes. Son competentes para resolver toda controversia que se derive del presente sitio web o de su uso los Juzgados y Tribunales m\u00e1s cercanos a Cala Ratjada.<\/p>\n<\/div>\n<\/div>\n<\/div><div class=\"bt_bb_separator bt_bb_border_style_none bt_bb_top_spacing_normal\" data-bt-override-class=\"null\"><\/div><\/div><\/div><\/div><\/div><\/div><\/div><\/div><\/div><\/section>","protected":false},"excerpt":{"rendered":"","protected":false},"author":1,"featured_media":0,"parent":0,"menu_order":0,"comment_status":"closed","ping_status":"closed","template":"","meta":{"_glsr_average":0,"_glsr_ranking":0,"_glsr_reviews":0,"footnotes":""},"_links":{"self":[{"href":"https:\/\/extras.taxi-jose.es\/es\/wp-json\/wp\/v2\/pages\/5590"}],"collection":[{"href":"https:\/\/extras.taxi-jose.es\/es\/wp-json\/wp\/v2\/pages"}],"about":[{"href":"https:\/\/extras.taxi-jose.es\/es\/wp-json\/wp\/v2\/types\/page"}],"author":[{"embeddable":true,"href":"https:\/\/extras.taxi-jose.es\/es\/wp-json\/wp\/v2\/users\/1"}],"replies":[{"embeddable":true,"href":"https:\/\/extras.taxi-jose.es\/es\/wp-json\/wp\/v2\/comments?post=5590"}],"version-history":[{"count":0,"href":"https:\/\/extras.taxi-jose.es\/es\/wp-json\/wp\/v2\/pages\/5590\/revisions"}],"wp:attachment":[{"href":"https:\/\/extras.taxi-jose.es\/es\/wp-json\/wp\/v2\/media?parent=5590"}],"curies":[{"name":"wp","href":"https:\/\/api.w.org\/{rel}","templated":true}]}}